{"id":104,"date":"2021-05-08T06:26:11","date_gmt":"2021-05-08T09:26:11","guid":{"rendered":"https:\/\/lrcontabilidadegov.com.br\/index.php\/contact-us\/"},"modified":"2023-04-20T16:46:41","modified_gmt":"2023-04-20T19:46:41","slug":"contact-us","status":"publish","type":"page","link":"https:\/\/lrcontabilidadegov.com.br\/index.php\/contact-us\/","title":{"rendered":"Contato"},"content":{"rendered":"\t\t<div data-elementor-type=\"wp-page\" data-elementor-id=\"104\" class=\"elementor elementor-104\">\n\t\t\t\t\t\t<section class=\"elementor-section elementor-top-section elementor-element elementor-element-c01e5bc elementor-section-full_width elementor-section-height-default elementor-section-height-default\" data-id=\"c01e5bc\" data-element_type=\"section\" data-e-type=\"section\">\n\t\t\t\t\t\t<div class=\"elementor-container elementor-column-gap-no\">\n\t\t\t\t\t<div class=\"aux-parallax-section elementor-column elementor-col-100 elementor-top-column elementor-element elementor-element-b3a8a2d\" data-id=\"b3a8a2d\" data-element_type=\"column\" data-e-type=\"column\">\n\t\t\t<div class=\"elementor-widget-wrap elementor-element-populated\">\n\t\t\t\t\t\t<div class=\"elementor-element elementor-element-39eb584 elementor-widget elementor-widget-google_maps\" data-id=\"39eb584\" data-element_type=\"widget\" data-e-type=\"widget\" data-widget_type=\"google_maps.default\">\n\t\t\t\t<div class=\"elementor-widget-container\">\n\t\t\t\t\t\t\t<div class=\"elementor-custom-embed\">\n\t\t\t<iframe loading=\"lazy\"\n\t\t\t\t\tsrc=\"https:\/\/maps.google.com\/maps?q=Jo%C3%A3o%20Pessoa&#038;t=m&#038;z=12&#038;output=embed&#038;iwloc=near\"\n\t\t\t\t\ttitle=\"Jo\u00e3o Pessoa\"\n\t\t\t\t\taria-label=\"Jo\u00e3o Pessoa\"\n\t\t\t><\/iframe>\n\t\t<\/div>\n\t\t\t\t\t\t<\/div>\n\t\t\t\t<\/div>\n\t\t\t\t\t<\/div>\n\t\t<\/div>\n\t\t\t\t\t<\/div>\n\t\t<\/section>\n\t\t\t\t<section class=\"elementor-section elementor-top-section elementor-element elementor-element-2914e09 elementor-section-full_width elementor-section-height-default elementor-section-height-default\" data-id=\"2914e09\" data-element_type=\"section\" data-e-type=\"section\">\n\t\t\t\t\t\t<div class=\"elementor-container elementor-column-gap-no\">\n\t\t\t\t\t<div class=\"aux-parallax-section elementor-column elementor-col-100 elementor-top-column elementor-element elementor-element-a7da880\" data-id=\"a7da880\" data-element_type=\"column\" data-e-type=\"column\">\n\t\t\t<div class=\"elementor-widget-wrap elementor-element-populated\">\n\t\t\t\t\t\t<div class=\"aux-scroll-anim elementor-element elementor-element-c176291 elementor-widget__width-auto elementor-widget elementor-widget-aux_simple_svg\" data-move-in=\"\" data-move-out=\"moveVertical\" data-axis-x=\"-45\" data-axis-y=\"30\" data-rotate=\"90\" data-scale=\"1\" data-vp-top=\"0.5\" data-vp-bot=\"0.5\" data-el-top=\"0.2\" data-scroll-animation-off=\"1024\" data-id=\"c176291\" data-element_type=\"widget\" data-e-type=\"widget\" data-widget_type=\"aux_simple_svg.default\">\n\t\t\t\t<div class=\"elementor-widget-container\">\n\t\t\t\t\t    <div class=\"aux-widget-container aux-simple-svg-container\">\n        <div class=\"aux-widget-container-inner\">\n            <div class=\"aux-the-svg\"><img decoding=\"async\" src=\"https:\/\/lrcontabilidadegov.com.br\/wp-content\/uploads\/2021\/05\/Group-46.svg\" title=\"demo-attachment-1408-Group-46\" alt=\"demo-attachment-1408-Group-46\" loading=\"lazy\" \/><\/div>\n        <\/div>\n    <\/div>\n    \t\t\t\t<\/div>\n\t\t\t\t<\/div>\n\t\t\t\t<div class=\"aux-scroll-anim elementor-element elementor-element-4b30274 elementor-widget__width-auto elementor-widget elementor-widget-aux_simple_svg\" data-move-in=\"\" data-move-out=\"moveHorizontal\" data-axis-x=\"35\" data-axis-y=\"200\" data-rotate=\"90\" data-scale=\"1\" data-vp-top=\"0.5\" data-vp-bot=\"0.5\" data-el-top=\"0.2\" data-scroll-animation-off=\"1024\" data-id=\"4b30274\" data-element_type=\"widget\" data-e-type=\"widget\" data-widget_type=\"aux_simple_svg.default\">\n\t\t\t\t<div class=\"elementor-widget-container\">\n\t\t\t\t\t    <div class=\"aux-widget-container aux-simple-svg-container\">\n        <div class=\"aux-widget-container-inner\">\n            <div class=\"aux-the-svg\"><img decoding=\"async\" src=\"https:\/\/lrcontabilidadegov.com.br\/wp-content\/uploads\/2021\/05\/Group-57-1.svg\" title=\"demo-attachment-1735-Group-57-1\" alt=\"demo-attachment-1735-Group-57-1\" loading=\"lazy\" \/><\/div>\n        <\/div>\n    <\/div>\n    \t\t\t\t<\/div>\n\t\t\t\t<\/div>\n\t\t\t\t<section class=\"elementor-section elementor-inner-section elementor-element elementor-element-cadc441 elementor-section-content-middle elementor-section-boxed elementor-section-height-default elementor-section-height-default\" data-id=\"cadc441\" data-element_type=\"section\" data-e-type=\"section\">\n\t\t\t\t\t\t<div class=\"elementor-container elementor-column-gap-no\">\n\t\t\t\t\t<div class=\"aux-parallax-section elementor-column elementor-col-33 elementor-inner-column elementor-element elementor-element-3dc765e\" data-id=\"3dc765e\" data-element_type=\"column\" data-e-type=\"column\">\n\t\t\t<div class=\"elementor-widget-wrap elementor-element-populated\">\n\t\t\t\t\t\t<div class=\"elementor-element elementor-element-58f69fd aux-appear-watch-animation aux-fade-in-up-1 elementor-widget elementor-widget-aux_modern_heading\" data-id=\"58f69fd\" data-element_type=\"widget\" data-e-type=\"widget\" data-widget_type=\"aux_modern_heading.default\">\n\t\t\t\t<div class=\"elementor-widget-container\">\n\t\t\t\t\t<section class=\"aux-widget-modern-heading\">\n            <div class=\"aux-widget-inner\"><h2 class=\"aux-modern-heading-primary\">Entre em Contato<\/h2><div class=\"aux-modern-heading-divider\"><\/div><h3 class=\"aux-modern-heading-secondary\"><span class=\"aux-head-highlight\">Nos envie suas informa\u00e7\u00f5es<\/span><\/h3><div class=\"aux-modern-heading-description\"><p>Digite seu nome e e-mail e nos envie uma mensagem! Em breve entraremos em contato com respostas.<\/p><\/div><\/div>\n        <\/section>\t\t\t\t<\/div>\n\t\t\t\t<\/div>\n\t\t\t\t\t<\/div>\n\t\t<\/div>\n\t\t\t\t<div class=\"aux-parallax-section elementor-column elementor-col-33 elementor-inner-column elementor-element elementor-element-0107cc5 aux-appear-watch-animation aux-fade-in-up-1\" data-id=\"0107cc5\" data-element_type=\"column\" data-e-type=\"column\">\n\t\t\t<div class=\"elementor-widget-wrap elementor-element-populated\">\n\t\t\t\t\t\t<div class=\"elementor-element elementor-element-abb45dd elementor-widget elementor-widget-aux_contact_form\" data-id=\"abb45dd\" data-element_type=\"widget\" data-e-type=\"widget\" data-widget_type=\"aux_contact_form.default\">\n\t\t\t\t<div class=\"elementor-widget-container\">\n\t\t\t\t\t<section class=\"widget-container aux-widget-contact-form aux-parent-auac50bf9e\">            <div class=\"aux-col-wrapper aux-no-gutter\">\n            <!-- @TODO - The output for element here -->\n\n            \n<div class=\"wpcf7 no-js\" id=\"wpcf7-f78-o1\" lang=\"en-US\" dir=\"ltr\" data-wpcf7-id=\"78\">\n<div class=\"screen-reader-response\"><p role=\"status\" aria-live=\"polite\" aria-atomic=\"true\"><\/p> <ul><\/ul><\/div>\n<form action=\"\/index.php\/wp-json\/wp\/v2\/pages\/104#wpcf7-f78-o1\" method=\"post\" class=\"wpcf7-form init\" aria-label=\"Contact form\" novalidate=\"novalidate\" data-status=\"init\">\n<fieldset class=\"hidden-fields-container\"><input type=\"hidden\" name=\"_wpcf7\" value=\"78\" \/><input type=\"hidden\" name=\"_wpcf7_version\" value=\"6.1.5\" \/><input type=\"hidden\" name=\"_wpcf7_locale\" value=\"en_US\" \/><input type=\"hidden\" name=\"_wpcf7_unit_tag\" value=\"wpcf7-f78-o1\" \/><input type=\"hidden\" name=\"_wpcf7_container_post\" value=\"0\" \/><input type=\"hidden\" name=\"_wpcf7_posted_data_hash\" value=\"\" \/>\n<\/fieldset>\n<div class=\"aux-nextto\">\n\t<p><span class=\"wpcf7-form-control-wrap\" data-name=\"text-986\"><input size=\"40\" maxlength=\"400\" class=\"wpcf7-form-control wpcf7-text wpcf7-validates-as-required\" aria-required=\"true\" aria-invalid=\"false\" placeholder=\"Nome\" value=\"\" type=\"text\" name=\"text-986\" \/><\/span><br \/>\n<span class=\"wpcf7-form-control-wrap\" data-name=\"email-988\"><input size=\"40\" maxlength=\"400\" class=\"wpcf7-form-control wpcf7-email wpcf7-validates-as-required wpcf7-text wpcf7-validates-as-email\" aria-required=\"true\" aria-invalid=\"false\" placeholder=\"Seu Email\" value=\"\" type=\"email\" name=\"email-988\" \/><\/span>\n\t<\/p>\n<\/div>\n<p><span class=\"wpcf7-form-control-wrap\" data-name=\"textarea-899\"><textarea cols=\"40\" rows=\"10\" maxlength=\"2000\" class=\"wpcf7-form-control wpcf7-textarea wpcf7-validates-as-required\" aria-required=\"true\" aria-invalid=\"false\" placeholder=\"Coment\u00e1rio\" name=\"textarea-899\"><\/textarea><\/span><br \/>\n<input class=\"wpcf7-form-control wpcf7-submit has-spinner\" type=\"submit\" value=\"ENVIAR\" \/>\n<\/p><div class=\"wpcf7-response-output\" aria-hidden=\"true\"><\/div>\n<\/form>\n<\/div>\n\n\n            <\/div><!-- aux-col-wrapper -->\n    <\/section><!-- widget-container -->\t\t\t\t<\/div>\n\t\t\t\t<\/div>\n\t\t\t\t\t<\/div>\n\t\t<\/div>\n\t\t\t\t<div class=\"aux-parallax-section elementor-column elementor-col-33 elementor-inner-column elementor-element elementor-element-fe9f784 aux-appear-watch-animation aux-fade-in-up\" data-id=\"fe9f784\" data-element_type=\"column\" data-e-type=\"column\" data-settings=\"{&quot;background_background&quot;:&quot;classic&quot;}\">\n\t\t\t<div class=\"elementor-widget-wrap elementor-element-populated\">\n\t\t\t\t\t<div class=\"elementor-background-overlay\"><\/div>\n\t\t\t\t\t\t<div class=\"elementor-element elementor-element-5a06db8 elementor-widget elementor-widget-aux_text\" data-id=\"5a06db8\" data-element_type=\"widget\" data-e-type=\"widget\" data-widget_type=\"aux_text.default\">\n\t\t\t\t<div class=\"elementor-widget-container\">\n\t\t\t\t\t<section class=\"widget-container aux-widget-text aux-parent-au6fe68205\">        <div class=\"aux-widget-advanced-text aux-wrap-style-simple aux-ico-pos-left aux-text-left aux-text-resp- aux-text-color-dark aux-text-widget-bg-center  \" >\n        \n                            <div class=\"aux-text-widget-header \"  >\n                        <div class=\"aux-ico-box aux-ico-large aux-img-box aux-ico-shape-default aux-ico-clear \">\n                                                                <img decoding=\"async\" width=\"21\" height=\"31\" src=\"https:\/\/lrcontabilidadegov.com.br\/wp-content\/uploads\/2021\/12\/location-pin.svg\" class=\"attachment-full size-full\" alt=\"\" \/>                                                    <\/div>\n                <\/div>\n            \n            <div class=\"aux-text-inner aux-text-widget-content\">\n                                <div class=\"widget-content\">\n                                        <p>Escrit\u00f3rios virtuais em Jo\u00e3o Pessoa<\/p>                <\/div>\n                            <\/div>\n        <\/div>\n                    <div class=\"aux-text-widget-footer\">\n                <div class=\"aux-border-shape-none \">\n                                <\/div>\n            <\/div>\n        \n<\/section><!-- widget-container -->\t\t\t\t<\/div>\n\t\t\t\t<\/div>\n\t\t\t\t<div class=\"elementor-element elementor-element-996df07 elementor-widget elementor-widget-aux_text\" data-id=\"996df07\" data-element_type=\"widget\" data-e-type=\"widget\" data-widget_type=\"aux_text.default\">\n\t\t\t\t<div class=\"elementor-widget-container\">\n\t\t\t\t\t<section class=\"widget-container aux-widget-text aux-parent-aua2bd4d6b\">        <div class=\"aux-widget-advanced-text aux-wrap-style-simple aux-ico-pos-left aux-text-left aux-text-resp- aux-text-color-dark aux-text-widget-bg-center  aux-text-padding-fix \" >\n        \n                            <div class=\"aux-text-widget-header \"  >\n                        <div class=\"aux-ico-box aux-ico-large aux-ico-shape-circle aux-ico-clear \">\n                            <i aria-hidden=\"true\" class=\"aux-ico auxicon auxicon-ios-telephone\"><\/i>                        <\/div>\n                <\/div>\n            \n            <div class=\"aux-text-inner aux-text-widget-content\">\n                                <div class=\"widget-content\">\n                                        <p>(83) 98899-0643<\/p>                <\/div>\n                            <\/div>\n        <\/div>\n                    <div class=\"aux-text-widget-footer\">\n                <div class=\"aux-border-shape-none \">\n                                <\/div>\n            <\/div>\n        \n<\/section><!-- widget-container -->\t\t\t\t<\/div>\n\t\t\t\t<\/div>\n\t\t\t\t<div class=\"elementor-element elementor-element-5943cda elementor-widget elementor-widget-aux_text\" data-id=\"5943cda\" data-element_type=\"widget\" data-e-type=\"widget\" data-widget_type=\"aux_text.default\">\n\t\t\t\t<div class=\"elementor-widget-container\">\n\t\t\t\t\t<section class=\"widget-container aux-widget-text aux-parent-aue35c25cb\">        <div class=\"aux-widget-advanced-text aux-wrap-style-simple aux-ico-pos-left aux-text-left aux-text-resp- aux-text-color-dark aux-text-widget-bg-center  \" >\n        \n                            <div class=\"aux-text-widget-header \"  >\n                        <div class=\"aux-ico-box aux-ico-large aux-img-box aux-ico-shape-default aux-ico-clear \">\n                                                                <img decoding=\"async\" width=\"30\" height=\"19\" src=\"https:\/\/lrcontabilidadegov.com.br\/wp-content\/uploads\/2021\/12\/basic_mail.svg\" class=\"attachment-full size-full\" alt=\"\" \/>                                                    <\/div>\n                <\/div>\n            \n            <div class=\"aux-text-inner aux-text-widget-content\">\n                                <div class=\"widget-content\">\n                                        <p>juniorvital@gmail.com<\/p>                <\/div>\n                            <\/div>\n        <\/div>\n                    <div class=\"aux-text-widget-footer\">\n                <div class=\"aux-border-shape-none \">\n                                <\/div>\n            <\/div>\n        \n<\/section><!-- widget-container -->\t\t\t\t<\/div>\n\t\t\t\t<\/div>\n\t\t\t\t\t<\/div>\n\t\t<\/div>\n\t\t\t\t\t<\/div>\n\t\t<\/section>\n\t\t\t\t\t<\/div>\n\t\t<\/div>\n\t\t\t\t\t<\/div>\n\t\t<\/section>\n\t\t\t\t<\/div>\n\t\t","protected":false},"excerpt":{"rendered":"<p>Entre em Contato Nos envie suas informa\u00e7\u00f5es Digite seu nome e e-mail e nos envie uma mensagem! Em breve entraremos em contato com respostas. Escrit\u00f3rios virtuais em Jo\u00e3o Pessoa (83) 98899-0643 juniorvital@gmail.com<\/p>\n","protected":false},"author":1,"featured_media":0,"parent":0,"menu_order":0,"comment_status":"closed","ping_status":"closed","template":"templates\/page-builder-content.php","meta":{"footnotes":""},"class_list":["post-104","page","type-page","status-publish","hentry"],"yoast_head":"<!-- This site is optimized with the Yoast SEO plugin v27.5 - https:\/\/yoast.com\/product\/yoast-seo-wordpress\/ -->\n<title>Contato - LR Contabilidade e Administra\u00e7\u00e3o P\u00fablica<\/title>\n<meta name=\"robots\" content=\"index, follow, max-snippet:-1, max-image-preview:large, max-video-preview:-1\" \/>\n<link rel=\"canonical\" href=\"https:\/\/lrcontabilidadegov.com.br\/index.php\/contact-us\/\" \/>\n<meta property=\"og:locale\" content=\"pt_BR\" \/>\n<meta property=\"og:type\" content=\"article\" \/>\n<meta property=\"og:title\" content=\"Contato - LR Contabilidade e Administra\u00e7\u00e3o P\u00fablica\" \/>\n<meta property=\"og:description\" content=\"Entre em Contato Nos envie suas informa\u00e7\u00f5es Digite seu nome e e-mail e nos envie uma mensagem! Em breve entraremos em contato com respostas. Escrit\u00f3rios virtuais em Jo\u00e3o Pessoa (83) 98899-0643 juniorvital@gmail.com\" \/>\n<meta property=\"og:url\" content=\"https:\/\/lrcontabilidadegov.com.br\/index.php\/contact-us\/\" \/>\n<meta property=\"og:site_name\" content=\"LR Contabilidade e Administra\u00e7\u00e3o P\u00fablica\" \/>\n<meta property=\"article:publisher\" content=\"https:\/\/www.facebook.com\/profile.php?id=100000390621935\" \/>\n<meta property=\"article:modified_time\" content=\"2023-04-20T19:46:41+00:00\" \/>\n<meta property=\"og:image\" content=\"https:\/\/lrcontabilidadegov.com.br\/wp-content\/uploads\/2021\/05\/Group-46.svg\" \/>\n<meta name=\"twitter:card\" content=\"summary_large_image\" \/>\n<meta name=\"twitter:label1\" content=\"Est. tempo de leitura\" \/>\n\t<meta name=\"twitter:data1\" content=\"1 minuto\" \/>\n<script type=\"application\/ld+json\" class=\"yoast-schema-graph\">{\"@context\":\"https:\\\/\\\/schema.org\",\"@graph\":[{\"@type\":\"WebPage\",\"@id\":\"https:\\\/\\\/lrcontabilidadegov.com.br\\\/index.php\\\/contact-us\\\/\",\"url\":\"https:\\\/\\\/lrcontabilidadegov.com.br\\\/index.php\\\/contact-us\\\/\",\"name\":\"Contato - LR Contabilidade e Administra\u00e7\u00e3o P\u00fablica\",\"isPartOf\":{\"@id\":\"https:\\\/\\\/lrcontabilidadegov.com.br\\\/#website\"},\"primaryImageOfPage\":{\"@id\":\"https:\\\/\\\/lrcontabilidadegov.com.br\\\/index.php\\\/contact-us\\\/#primaryimage\"},\"image\":{\"@id\":\"https:\\\/\\\/lrcontabilidadegov.com.br\\\/index.php\\\/contact-us\\\/#primaryimage\"},\"thumbnailUrl\":\"https:\\\/\\\/lrcontabilidadegov.com.br\\\/wp-content\\\/uploads\\\/2021\\\/05\\\/Group-46.svg\",\"datePublished\":\"2021-05-08T09:26:11+00:00\",\"dateModified\":\"2023-04-20T19:46:41+00:00\",\"breadcrumb\":{\"@id\":\"https:\\\/\\\/lrcontabilidadegov.com.br\\\/index.php\\\/contact-us\\\/#breadcrumb\"},\"inLanguage\":\"pt-BR\",\"potentialAction\":[{\"@type\":\"ReadAction\",\"target\":[\"https:\\\/\\\/lrcontabilidadegov.com.br\\\/index.php\\\/contact-us\\\/\"]}]},{\"@type\":\"ImageObject\",\"inLanguage\":\"pt-BR\",\"@id\":\"https:\\\/\\\/lrcontabilidadegov.com.br\\\/index.php\\\/contact-us\\\/#primaryimage\",\"url\":\"https:\\\/\\\/lrcontabilidadegov.com.br\\\/wp-content\\\/uploads\\\/2021\\\/05\\\/Group-46.svg\",\"contentUrl\":\"https:\\\/\\\/lrcontabilidadegov.com.br\\\/wp-content\\\/uploads\\\/2021\\\/05\\\/Group-46.svg\",\"width\":666,\"height\":546},{\"@type\":\"BreadcrumbList\",\"@id\":\"https:\\\/\\\/lrcontabilidadegov.com.br\\\/index.php\\\/contact-us\\\/#breadcrumb\",\"itemListElement\":[{\"@type\":\"ListItem\",\"position\":1,\"name\":\"In\u00edcio\",\"item\":\"https:\\\/\\\/lrcontabilidadegov.com.br\\\/\"},{\"@type\":\"ListItem\",\"position\":2,\"name\":\"Contato\"}]},{\"@type\":\"WebSite\",\"@id\":\"https:\\\/\\\/lrcontabilidadegov.com.br\\\/#website\",\"url\":\"https:\\\/\\\/lrcontabilidadegov.com.br\\\/\",\"name\":\"LR Contabilidade e Administra\u00e7\u00e3o P\u00fablica\",\"description\":\"Solu\u00e7\u00f5es para Contabilidade P\u00fablica\",\"publisher\":{\"@id\":\"https:\\\/\\\/lrcontabilidadegov.com.br\\\/#organization\"},\"potentialAction\":[{\"@type\":\"SearchAction\",\"target\":{\"@type\":\"EntryPoint\",\"urlTemplate\":\"https:\\\/\\\/lrcontabilidadegov.com.br\\\/?s={search_term_string}\"},\"query-input\":{\"@type\":\"PropertyValueSpecification\",\"valueRequired\":true,\"valueName\":\"search_term_string\"}}],\"inLanguage\":\"pt-BR\"},{\"@type\":\"Organization\",\"@id\":\"https:\\\/\\\/lrcontabilidadegov.com.br\\\/#organization\",\"name\":\"LR Contabilidade e Administra\u00e7\u00e3o P\u00fablica\",\"url\":\"https:\\\/\\\/lrcontabilidadegov.com.br\\\/\",\"logo\":{\"@type\":\"ImageObject\",\"inLanguage\":\"pt-BR\",\"@id\":\"https:\\\/\\\/lrcontabilidadegov.com.br\\\/#\\\/schema\\\/logo\\\/image\\\/\",\"url\":\"https:\\\/\\\/i0.wp.com\\\/lrcontabilidadegov.com.br\\\/wp-content\\\/uploads\\\/2023\\\/04\\\/LR-logo-1.png?fit=1216%2C150&ssl=1\",\"contentUrl\":\"https:\\\/\\\/i0.wp.com\\\/lrcontabilidadegov.com.br\\\/wp-content\\\/uploads\\\/2023\\\/04\\\/LR-logo-1.png?fit=1216%2C150&ssl=1\",\"width\":1216,\"height\":150,\"caption\":\"LR Contabilidade e Administra\u00e7\u00e3o P\u00fablica\"},\"image\":{\"@id\":\"https:\\\/\\\/lrcontabilidadegov.com.br\\\/#\\\/schema\\\/logo\\\/image\\\/\"},\"sameAs\":[\"https:\\\/\\\/www.facebook.com\\\/profile.php?id=100000390621935\",\"https:\\\/\\\/www.instagram.com\\\/robertovitaljunior\\\/\"]}]}<\/script>\n<!-- \/ Yoast SEO plugin. -->","yoast_head_json":{"title":"Contato - LR Contabilidade e Administra\u00e7\u00e3o P\u00fablica","robots":{"index":"index","follow":"follow","max-snippet":"max-snippet:-1","max-image-preview":"max-image-preview:large","max-video-preview":"max-video-preview:-1"},"canonical":"https:\/\/lrcontabilidadegov.com.br\/index.php\/contact-us\/","og_locale":"pt_BR","og_type":"article","og_title":"Contato - LR Contabilidade e Administra\u00e7\u00e3o P\u00fablica","og_description":"Entre em Contato Nos envie suas informa\u00e7\u00f5es Digite seu nome e e-mail e nos envie uma mensagem! Em breve entraremos em contato com respostas. Escrit\u00f3rios virtuais em Jo\u00e3o Pessoa (83) 98899-0643 juniorvital@gmail.com","og_url":"https:\/\/lrcontabilidadegov.com.br\/index.php\/contact-us\/","og_site_name":"LR Contabilidade e Administra\u00e7\u00e3o P\u00fablica","article_publisher":"https:\/\/www.facebook.com\/profile.php?id=100000390621935","article_modified_time":"2023-04-20T19:46:41+00:00","og_image":[{"url":"https:\/\/lrcontabilidadegov.com.br\/wp-content\/uploads\/2021\/05\/Group-46.svg","type":"","width":"","height":""}],"twitter_card":"summary_large_image","twitter_misc":{"Est. tempo de leitura":"1 minuto"},"schema":{"@context":"https:\/\/schema.org","@graph":[{"@type":"WebPage","@id":"https:\/\/lrcontabilidadegov.com.br\/index.php\/contact-us\/","url":"https:\/\/lrcontabilidadegov.com.br\/index.php\/contact-us\/","name":"Contato - LR Contabilidade e Administra\u00e7\u00e3o P\u00fablica","isPartOf":{"@id":"https:\/\/lrcontabilidadegov.com.br\/#website"},"primaryImageOfPage":{"@id":"https:\/\/lrcontabilidadegov.com.br\/index.php\/contact-us\/#primaryimage"},"image":{"@id":"https:\/\/lrcontabilidadegov.com.br\/index.php\/contact-us\/#primaryimage"},"thumbnailUrl":"https:\/\/lrcontabilidadegov.com.br\/wp-content\/uploads\/2021\/05\/Group-46.svg","datePublished":"2021-05-08T09:26:11+00:00","dateModified":"2023-04-20T19:46:41+00:00","breadcrumb":{"@id":"https:\/\/lrcontabilidadegov.com.br\/index.php\/contact-us\/#breadcrumb"},"inLanguage":"pt-BR","potentialAction":[{"@type":"ReadAction","target":["https:\/\/lrcontabilidadegov.com.br\/index.php\/contact-us\/"]}]},{"@type":"ImageObject","inLanguage":"pt-BR","@id":"https:\/\/lrcontabilidadegov.com.br\/index.php\/contact-us\/#primaryimage","url":"https:\/\/lrcontabilidadegov.com.br\/wp-content\/uploads\/2021\/05\/Group-46.svg","contentUrl":"https:\/\/lrcontabilidadegov.com.br\/wp-content\/uploads\/2021\/05\/Group-46.svg","width":666,"height":546},{"@type":"BreadcrumbList","@id":"https:\/\/lrcontabilidadegov.com.br\/index.php\/contact-us\/#breadcrumb","itemListElement":[{"@type":"ListItem","position":1,"name":"In\u00edcio","item":"https:\/\/lrcontabilidadegov.com.br\/"},{"@type":"ListItem","position":2,"name":"Contato"}]},{"@type":"WebSite","@id":"https:\/\/lrcontabilidadegov.com.br\/#website","url":"https:\/\/lrcontabilidadegov.com.br\/","name":"LR Contabilidade e Administra\u00e7\u00e3o P\u00fablica","description":"Solu\u00e7\u00f5es para Contabilidade P\u00fablica","publisher":{"@id":"https:\/\/lrcontabilidadegov.com.br\/#organization"},"potentialAction":[{"@type":"SearchAction","target":{"@type":"EntryPoint","urlTemplate":"https:\/\/lrcontabilidadegov.com.br\/?s={search_term_string}"},"query-input":{"@type":"PropertyValueSpecification","valueRequired":true,"valueName":"search_term_string"}}],"inLanguage":"pt-BR"},{"@type":"Organization","@id":"https:\/\/lrcontabilidadegov.com.br\/#organization","name":"LR Contabilidade e Administra\u00e7\u00e3o P\u00fablica","url":"https:\/\/lrcontabilidadegov.com.br\/","logo":{"@type":"ImageObject","inLanguage":"pt-BR","@id":"https:\/\/lrcontabilidadegov.com.br\/#\/schema\/logo\/image\/","url":"https:\/\/i0.wp.com\/lrcontabilidadegov.com.br\/wp-content\/uploads\/2023\/04\/LR-logo-1.png?fit=1216%2C150&ssl=1","contentUrl":"https:\/\/i0.wp.com\/lrcontabilidadegov.com.br\/wp-content\/uploads\/2023\/04\/LR-logo-1.png?fit=1216%2C150&ssl=1","width":1216,"height":150,"caption":"LR Contabilidade e Administra\u00e7\u00e3o P\u00fablica"},"image":{"@id":"https:\/\/lrcontabilidadegov.com.br\/#\/schema\/logo\/image\/"},"sameAs":["https:\/\/www.facebook.com\/profile.php?id=100000390621935","https:\/\/www.instagram.com\/robertovitaljunior\/"]}]}},"jetpack_sharing_enabled":true,"_links":{"self":[{"href":"https:\/\/lrcontabilidadegov.com.br\/index.php\/wp-json\/wp\/v2\/pages\/104","targetHints":{"allow":["GET"]}}],"collection":[{"href":"https:\/\/lrcontabilidadegov.com.br\/index.php\/wp-json\/wp\/v2\/pages"}],"about":[{"href":"https:\/\/lrcontabilidadegov.com.br\/index.php\/wp-json\/wp\/v2\/types\/page"}],"author":[{"embeddable":true,"href":"https:\/\/lrcontabilidadegov.com.br\/index.php\/wp-json\/wp\/v2\/users\/1"}],"replies":[{"embeddable":true,"href":"https:\/\/lrcontabilidadegov.com.br\/index.php\/wp-json\/wp\/v2\/comments?post=104"}],"version-history":[{"count":10,"href":"https:\/\/lrcontabilidadegov.com.br\/index.php\/wp-json\/wp\/v2\/pages\/104\/revisions"}],"predecessor-version":[{"id":602,"href":"https:\/\/lrcontabilidadegov.com.br\/index.php\/wp-json\/wp\/v2\/pages\/104\/revisions\/602"}],"wp:attachment":[{"href":"https:\/\/lrcontabilidadegov.com.br\/index.php\/wp-json\/wp\/v2\/media?parent=104"}],"curies":[{"name":"wp","href":"https:\/\/api.w.org\/{rel}","templated":true}]}}